{"id":81,"date":"2024-09-12T11:49:23","date_gmt":"2024-09-12T14:49:23","guid":{"rendered":"https:\/\/sagutitoalimentos.com.br\/web\/?page_id=81"},"modified":"2024-11-21T13:57:48","modified_gmt":"2024-11-21T16:57:48","slug":"empresa","status":"publish","type":"page","link":"https:\/\/sagutitoalimentos.com.br\/web\/empresa\/","title":{"rendered":"Empresa"},"content":{"rendered":"\t\t<div data-elementor-type=\"wp-page\" data-elementor-id=\"81\" class=\"elementor elementor-81\" data-elementor-post-type=\"page\">\n\t\t\t\t<div class=\"elementor-element elementor-element-95b1854 e-flex e-con-boxed e-con e-parent\" data-id=\"95b1854\" data-element_type=\"container\">\n\t\t\t\t\t<div class=\"e-con-inner\">\n\t\t\t\t<div class=\"elementor-element elementor-element-91239fd elementor-widget elementor-widget-heading\" data-id=\"91239fd\" data-element_type=\"widget\" data-widget_type=\"heading.default\">\n\t\t\t\t<div class=\"elementor-widget-container\">\n\t\t\t<h2 class=\"elementor-heading-title elementor-size-default\">Nossa Ind\u00fastria<\/h2>\t\t<\/div>\n\t\t\t\t<\/div>\n\t\t\t\t\t<\/div>\n\t\t\t\t<\/div>\n\t\t<div class=\"elementor-element elementor-element-1241cbb e-grid e-con-boxed e-con e-parent\" data-id=\"1241cbb\" data-element_type=\"container\">\n\t\t\t\t\t<div class=\"e-con-inner\">\n\t\t\t\t<div class=\"elementor-element elementor-element-97604cf elementor-widget elementor-widget-text-editor\" data-id=\"97604cf\" data-element_type=\"widget\" data-widget_type=\"text-editor.default\">\n\t\t\t\t<div class=\"elementor-widget-container\">\n\t\t\t\t\t\t\t<p style=\"text-align: justify;\">Adaptar-se aos tempos modernos \u00e9 a nossa maneira de garantir que um alimento saud\u00e1vel seja apreciado por gera\u00e7\u00f5es futuras.<\/p><p style=\"text-align: justify;\">Nossa ind\u00fastria est\u00e1 localizada em Nova Londrina, regi\u00e3o noroeste do Paran\u00e1, com mais 7.500 m2 de \u00e1rea constru\u00edda onde produzimos os deliciosos sagu prontos para o consumo. Abriu, comeu!<\/p><p style=\"text-align: justify;\">Nos orgulhamos em sermos pioneiros no preparo do primeiro sagu pronto do Brasil. \u00c9 a inova\u00e7\u00e3o sem perder a tradi\u00e7\u00e3o<\/p>\t\t\t\t\t\t<\/div>\n\t\t\t\t<\/div>\n\t\t\t\t<div class=\"elementor-element elementor-element-232768e elementor-widget elementor-widget-image\" data-id=\"232768e\" data-element_type=\"widget\" data-widget_type=\"image.default\">\n\t\t\t\t<div class=\"elementor-widget-container\">\n\t\t\t\t\t\t\t\t\t\t<figure class=\"wp-caption\">\n\t\t\t\t\t\t\t\t\t\t\t<a href=\"https:\/\/sagutitoalimentos.com.br\/web\/wp-content\/uploads\/2024\/11\/Foto_area.jpg\" data-elementor-open-lightbox=\"yes\" data-elementor-lightbox-title=\"Foto_area\" data-e-action-hash=\"#elementor-action%3Aaction%3Dlightbox%26settings%3DeyJpZCI6MTQ2LCJ1cmwiOiJodHRwczpcL1wvc2FndXRpdG9hbGltZW50b3MuY29tLmJyXC93ZWJcL3dwLWNvbnRlbnRcL3VwbG9hZHNcLzIwMjRcLzExXC9Gb3RvX2FyZWEuanBnIn0%3D\">\n\t\t\t\t\t\t\t<img fetchpriority=\"high\" decoding=\"async\" width=\"800\" height=\"480\" src=\"https:\/\/sagutitoalimentos.com.br\/web\/wp-content\/uploads\/2024\/11\/Foto_area-1024x614.jpg\" class=\"attachment-large size-large wp-image-146\" alt=\"\" srcset=\"https:\/\/sagutitoalimentos.com.br\/web\/wp-content\/uploads\/2024\/11\/Foto_area-1024x614.jpg 1024w, https:\/\/sagutitoalimentos.com.br\/web\/wp-content\/uploads\/2024\/11\/Foto_area-300x180.jpg 300w, https:\/\/sagutitoalimentos.com.br\/web\/wp-content\/uploads\/2024\/11\/Foto_area-768x461.jpg 768w, https:\/\/sagutitoalimentos.com.br\/web\/wp-content\/uploads\/2024\/11\/Foto_area.jpg 1280w\" sizes=\"(max-width: 800px) 100vw, 800px\" \/>\t\t\t\t\t\t\t\t<\/a>\n\t\t\t\t\t\t\t\t\t\t\t<figcaption class=\"widget-image-caption wp-caption-text\"><\/figcaption>\n\t\t\t\t\t\t\t\t\t\t<\/figure>\n\t\t\t\t\t\t\t<\/div>\n\t\t\t\t<\/div>\n\t\t\t\t\t<\/div>\n\t\t\t\t<\/div>\n\t\t\t\t<\/div>\n\t\t","protected":false},"excerpt":{"rendered":"<p>Nossa Ind\u00fastria Adaptar-se aos tempos modernos \u00e9 a nossa maneira de garantir que um alimento saud\u00e1vel seja apreciado por gera\u00e7\u00f5es futuras. Nossa ind\u00fastria est\u00e1 localizada em Nova Londrina, regi\u00e3o noroeste do Paran\u00e1, com mais 7.500 m2 de \u00e1rea constru\u00edda onde produzimos os deliciosos sagu prontos para o consumo. Abriu, comeu! Nos orgulhamos em sermos pioneiros [&hellip;]<\/p>\n","protected":false},"author":1,"featured_media":0,"parent":0,"menu_order":0,"comment_status":"closed","ping_status":"closed","template":"elementor_header_footer","meta":{"footnotes":""},"class_list":["post-81","page","type-page","status-publish","hentry"],"_links":{"self":[{"href":"https:\/\/sagutitoalimentos.com.br\/web\/wp-json\/wp\/v2\/pages\/81","targetHints":{"allow":["GET"]}}],"collection":[{"href":"https:\/\/sagutitoalimentos.com.br\/web\/wp-json\/wp\/v2\/pages"}],"about":[{"href":"https:\/\/sagutitoalimentos.com.br\/web\/wp-json\/wp\/v2\/types\/page"}],"author":[{"embeddable":true,"href":"https:\/\/sagutitoalimentos.com.br\/web\/wp-json\/wp\/v2\/users\/1"}],"replies":[{"embeddable":true,"href":"https:\/\/sagutitoalimentos.com.br\/web\/wp-json\/wp\/v2\/comments?post=81"}],"version-history":[{"count":16,"href":"https:\/\/sagutitoalimentos.com.br\/web\/wp-json\/wp\/v2\/pages\/81\/revisions"}],"predecessor-version":[{"id":158,"href":"https:\/\/sagutitoalimentos.com.br\/web\/wp-json\/wp\/v2\/pages\/81\/revisions\/158"}],"wp:attachment":[{"href":"https:\/\/sagutitoalimentos.com.br\/web\/wp-json\/wp\/v2\/media?parent=81"}],"curies":[{"name":"wp","href":"https:\/\/api.w.org\/{rel}","templated":true}]}}